{"id":2,"date":"2018-04-17T01:49:01","date_gmt":"2018-04-17T01:49:01","guid":{"rendered":"http:\/\/www.jyangkul.net\/interaction\/?page_id=2"},"modified":"2024-05-09T09:56:31","modified_gmt":"2024-05-09T07:56:31","slug":"welcome","status":"publish","type":"page","link":"http:\/\/www.jyangkul.net\/interaction\/","title":{"rendered":"Welcome\u6b22\u8fce"},"content":{"rendered":"<p><a href=\"http:\/\/www.jyangkul.net\/interaction\/wp-content\/uploads\/2018\/04\/Welcome-to-my-interaction-platform.png\"><img loading=\"lazy\" class=\"alignnone wp-image-43\" src=\"http:\/\/www.jyangkul.net\/interaction\/wp-content\/uploads\/2018\/04\/Welcome-to-my-interaction-platform-300x47.png\" alt=\"\" width=\"325\" height=\"51\" srcset=\"http:\/\/www.jyangkul.net\/interaction\/wp-content\/uploads\/2018\/04\/Welcome-to-my-interaction-platform-300x47.png 300w, http:\/\/www.jyangkul.net\/interaction\/wp-content\/uploads\/2018\/04\/Welcome-to-my-interaction-platform-768x122.png 768w, http:\/\/www.jyangkul.net\/interaction\/wp-content\/uploads\/2018\/04\/Welcome-to-my-interaction-platform-1024x162.png 1024w, http:\/\/www.jyangkul.net\/interaction\/wp-content\/uploads\/2018\/04\/Welcome-to-my-interaction-platform.png 1453w\" sizes=\"(max-width: 325px) 100vw, 325px\" \/><\/a>\u00a0 \u00a0<a href=\"http:\/\/jyangkul.net\/\">\u8fd4\u56de\u9996\u9875Back to Homepage<\/a><a href=\"http:\/\/jyangkul.net\/\"><img loading=\"lazy\" class=\"alignnone wp-image-42\" src=\"http:\/\/www.jyangkul.net\/interaction\/wp-content\/uploads\/2018\/04\/platform-logo-300x96.png\" alt=\"\" width=\"203\" height=\"65\" srcset=\"http:\/\/www.jyangkul.net\/interaction\/wp-content\/uploads\/2018\/04\/platform-logo-300x96.png 300w, http:\/\/www.jyangkul.net\/interaction\/wp-content\/uploads\/2018\/04\/platform-logo.png 392w\" sizes=\"(max-width: 203px) 100vw, 203px\" \/><\/a><\/p>\n<div style=\"width: 720px;\" class=\"wp-video\"><!--[if lt IE 9]><script>document.createElement('video');<\/script><![endif]-->\n<video class=\"wp-video-shortcode\" id=\"video-2-1\" width=\"720\" height=\"405\" preload=\"metadata\" controls=\"controls\"><source type=\"video\/mp4\" src=\"http:\/\/www.jyangkul.net\/interaction\/wp-content\/uploads\/2019\/02\/tongyishouge-italy-children.mp4?_=1\" \/><a href=\"http:\/\/www.jyangkul.net\/interaction\/wp-content\/uploads\/2019\/02\/tongyishouge-italy-children.mp4\">http:\/\/www.jyangkul.net\/interaction\/wp-content\/uploads\/2019\/02\/tongyishouge-italy-children.mp4<\/a><\/video><\/div>\n<p>\uff08\u540c\u4e00\u9996\u6b4c &#8211; \u610f\u5927\u5229\u535a\u6d1b\u5c3c\u4e9aPiccolo Coro dell&#8217; Antoniana\u5408\u5531\u56e2\uff09<\/p>\n<p>(The Same Song by Piccolo Coro dell&#8217; Antoniana from Bologna, Italy)<\/p>\n<p>\u540c\u5b66\u4eec\u3001\u670b\u53cb\u4eec\uff1a<\/p>\n<p>\u4f60\u4eec\u597d<\/p>\n<p>\u6211\u662fJ.Yang\uff0c\u4f60\u4eec\u7684\u6c49\u8bed\u8001\u5e08\uff0c\u4f60\u4eec\u7684\u670b\u53cb\u3002\u8fd9\u662f\u6211\u81ea\u5df1\u52a8\u624b\u5236\u4f5c\u7684\u201c\u6211\u7684\u4e92\u52a8\u5e73\u53f0\u201d\u3002\u5f88\u9ad8\u5174\u6211\u4eec\u53c8\u5728\u8fd9\u91cc\u76f8\u805a\uff0c\u4e5f\u6b22\u8fce\u7559\u4e0b\u4f60\u5bf9\u201c\u6211\u7684\u8bfe\u7a0b\u5e73\u53f0\u201d\u548c\u201c\u6211\u7684\u4e92\u52a8\u5e73\u53f0\u201d\u7684\u8bc4\u8bba\u3001\u5efa\u8bae\u3001\u8981\u6c42\u3001\u5e0c\u671b\u7b49\u3002<\/p>\n<p>\uff08\u201c\u6211\u7684\u4e92\u52a8\u5e73\u53f0\u201d\u9996\u9875\u7684\u5e7b\u706f\u7247\u90fd\u662f\u6211\u7528\u81ea\u5df1\u7684\u624b\u673a\u5728\u6ce2\u5170\u5362\u5e03\u6797\u62cd\u6444\u7684\u3002\u5982\u679c\u4f60\u4eec\u60f3\u77e5\u9053\u62cd\u6444\u7684\u5730\u70b9\uff0c\u8bf7\u67e5\u770b\u4e0b\u9762\u7684\u8bf4\u660e\uff09<\/p>\n<p>\u8c22\u8c22\u3002<\/p>\n<p>Dear students and friends,<\/p>\n<p>Hi, Cze\u015b\u0107! I am J.Yang, your Chinese teacher, and your friend. This is\u00a0 &#8220;My Interaction\u00a0Platform&#8221;, made all by myself with my own hands. It is great pleasure for us to meet again here, and you are welcome to write down your comments, proposals, requirements, wishes, etc. for \u201cMy Chinese Courses Platform\u201d\u00a0and \u201cMy Interaction Platform\u201d.<\/p>\n<p>(All the slide show photos were taken in Lublin, Poland, myself with my own mobile phone. If you desire to know the places where I took the slide show photos, please find the answers below.)<\/p>\n<p>Dzi\u0119kuj\u0119.<\/p>\n<p>\u201c<strong>\u6211\u7684\u4e92\u52a8\u5e73\u53f0\u201d\u9996\u9875\u5e7b\u706f\u7247\u8bf4\u660e<\/strong><\/p>\n<p><strong>Slides on the Homepage of &#8220;My Interaction Platform&#8221;<\/strong><\/p>\n<p>\u56fe\u72471. \u5362\u5e03\u6797\u7ea6\u7ff0\u00b7\u4fdd\u7f57\u4e8c\u4e16\u5929\u4e3b\u6559\u5927\u5b66\u767e\u5e74\u8001\u6821\u56ed<\/p>\n<p>100-year-old campus of Katolicki Uniwersytet Lubelski Jana Paw\u0142a II<\/p>\n<p><a href=\"http:\/\/www.jyangkul.net\/interaction\/wp-content\/uploads\/2018\/04\/1.jpg\"><img loading=\"lazy\" class=\"alignnone size-medium wp-image-5\" src=\"http:\/\/www.jyangkul.net\/interaction\/wp-content\/uploads\/2018\/04\/1-300x120.jpg\" alt=\"\" width=\"300\" height=\"120\" srcset=\"http:\/\/www.jyangkul.net\/interaction\/wp-content\/uploads\/2018\/04\/1-300x120.jpg 300w, http:\/\/www.jyangkul.net\/interaction\/wp-content\/uploads\/2018\/04\/1-768x307.jpg 768w, http:\/\/www.jyangkul.net\/interaction\/wp-content\/uploads\/2018\/04\/1.jpg 960w\" sizes=\"(max-width: 300px) 100vw, 300px\" \/><\/a><\/p>\n<p>\u56fe\u72472. \u5362\u5e03\u6797\u5e02\u8857\u533a\uff082017\u6444\u4e8e\u5362\u5e03\u6797\u5b97\u6559\u535a\u7269\u9986\u5854\u697c\u4e0a\uff09<\/p>\n<p>Bird view of Lublin Streets (photographed on the tower of Lublin Museum of Religion in 2017)<\/p>\n<p><a href=\"http:\/\/www.jyangkul.net\/interaction\/wp-content\/uploads\/2018\/04\/2.jpg\"><img loading=\"lazy\" class=\"alignnone size-medium wp-image-6\" src=\"http:\/\/www.jyangkul.net\/interaction\/wp-content\/uploads\/2018\/04\/2-300x119.jpg\" alt=\"\" width=\"300\" height=\"119\" srcset=\"http:\/\/www.jyangkul.net\/interaction\/wp-content\/uploads\/2018\/04\/2-300x119.jpg 300w, http:\/\/www.jyangkul.net\/interaction\/wp-content\/uploads\/2018\/04\/2-768x305.jpg 768w, http:\/\/www.jyangkul.net\/interaction\/wp-content\/uploads\/2018\/04\/2-1024x407.jpg 1024w\" sizes=\"(max-width: 300px) 100vw, 300px\" \/><\/a><\/p>\n<p>\u56fe\u72473. \u5362\u5e03\u6797\u5929\u4e3b\u6559\u5927\u5b66\u4e2d\u56fd\u6587\u5316\u65e5\u6d3b\u52a8\uff082017\u6444\u4e8e\u5362\u5e03\u6797\u5929\u4e3b\u6559\u5927\u5b66\u6821\u56ed\uff09<\/p>\n<p>On Chinese Culture Day at KUL (photographed at the campus of KUL in 2017)<\/p>\n<p><a href=\"http:\/\/www.jyangkul.net\/interaction\/wp-content\/uploads\/2018\/04\/3.jpg\"><img loading=\"lazy\" class=\"alignnone size-medium wp-image-9\" src=\"http:\/\/www.jyangkul.net\/interaction\/wp-content\/uploads\/2018\/04\/3-300x109.jpg\" alt=\"\" width=\"300\" height=\"109\" srcset=\"http:\/\/www.jyangkul.net\/interaction\/wp-content\/uploads\/2018\/04\/3-300x109.jpg 300w, http:\/\/www.jyangkul.net\/interaction\/wp-content\/uploads\/2018\/04\/3-768x278.jpg 768w, http:\/\/www.jyangkul.net\/interaction\/wp-content\/uploads\/2018\/04\/3-1024x370.jpg 1024w, http:\/\/www.jyangkul.net\/interaction\/wp-content\/uploads\/2018\/04\/3.jpg 1280w\" sizes=\"(max-width: 300px) 100vw, 300px\" \/><\/a><\/p>\n<p>\u56fe\u72474. \u5362\u5e03\u6797\u7701\u4e16\u754c\u6587\u5316\u9057\u4ea7\u624e\u83ab\u5e0c\u5947\u8001\u57ce\u5899\uff082016\u6444\u4e8e\u624e\u83ab\u5e0c\u5947\u8001\u57ce\u5899\uff09<\/p>\n<p>Old city wall of Zamo\u015b\u0107, world heritage in Lubeski (photographed on the old city wall of Zamo\u015b\u0107 in 2016)<\/p>\n<p><a href=\"http:\/\/www.jyangkul.net\/interaction\/wp-content\/uploads\/2018\/04\/4.jpg\"><img loading=\"lazy\" class=\"alignnone size-medium wp-image-11\" src=\"http:\/\/www.jyangkul.net\/interaction\/wp-content\/uploads\/2018\/04\/4-300x104.jpg\" alt=\"\" width=\"300\" height=\"104\" srcset=\"http:\/\/www.jyangkul.net\/interaction\/wp-content\/uploads\/2018\/04\/4-300x104.jpg 300w, http:\/\/www.jyangkul.net\/interaction\/wp-content\/uploads\/2018\/04\/4-768x266.jpg 768w, http:\/\/www.jyangkul.net\/interaction\/wp-content\/uploads\/2018\/04\/4-1024x355.jpg 1024w\" sizes=\"(max-width: 300px) 100vw, 300px\" \/><\/a><\/p>\n<p>\u56fe\u72475. \u5929\u4e3b\u6559\u5927\u5b66\u6c49\u5b66\u7cfb\u5b66\u751f\u53c2\u52a0\u6ce2\u51702017\u6c49\u8bed\u6865\u6bd4\u8d5b<\/p>\n<p>Students from Katedra Sinologii at Poland Chinese Bridge Competition in 2017<\/p>\n<p><a href=\"http:\/\/www.jyangkul.net\/interaction\/wp-content\/uploads\/2018\/04\/5.jpg\"><img loading=\"lazy\" class=\"alignnone size-medium wp-image-13\" src=\"http:\/\/www.jyangkul.net\/interaction\/wp-content\/uploads\/2018\/04\/5-300x116.jpg\" alt=\"\" width=\"300\" height=\"116\" srcset=\"http:\/\/www.jyangkul.net\/interaction\/wp-content\/uploads\/2018\/04\/5-300x116.jpg 300w, http:\/\/www.jyangkul.net\/interaction\/wp-content\/uploads\/2018\/04\/5-768x298.jpg 768w, http:\/\/www.jyangkul.net\/interaction\/wp-content\/uploads\/2018\/04\/5-1024x398.jpg 1024w, http:\/\/www.jyangkul.net\/interaction\/wp-content\/uploads\/2018\/04\/5.jpg 1280w\" sizes=\"(max-width: 300px) 100vw, 300px\" \/><\/a><\/p>\n<p>\u56fe\u72476. \u5362\u5e03\u6797\u7701\u5362\u5df4\u5c14\u56fe\u592b\u7684\u624e\u83ab\u5e0c\u5947\u5bb6\u65cf\u79d1\u5179\u6d1b\u5361\u5bab\u6bbf\uff082017\u6444\u4e8e\u624e\u83ab\u5e0c\u5947\u5bb6\u65cf\u5bab\u6bbf\u82b1\u56ed\uff09<\/p>\n<p>Kozlowka Palace of Zamoyski Family in Lubart\u00f3w, Lubeski (photographed in the garden of Kozlowka Palace of Zamoyski Family in 2017)<\/p>\n<p><a href=\"http:\/\/www.jyangkul.net\/interaction\/wp-content\/uploads\/2018\/04\/6.jpg\"><img loading=\"lazy\" class=\"alignnone size-medium wp-image-14\" src=\"http:\/\/www.jyangkul.net\/interaction\/wp-content\/uploads\/2018\/04\/6-300x109.jpg\" alt=\"\" width=\"300\" height=\"109\" srcset=\"http:\/\/www.jyangkul.net\/interaction\/wp-content\/uploads\/2018\/04\/6-300x109.jpg 300w, http:\/\/www.jyangkul.net\/interaction\/wp-content\/uploads\/2018\/04\/6-768x279.jpg 768w, http:\/\/www.jyangkul.net\/interaction\/wp-content\/uploads\/2018\/04\/6-1024x372.jpg 1024w\" sizes=\"(max-width: 300px) 100vw, 300px\" \/><\/a><\/p>\n<p>\u56fe\u72477. \u300a\u53e4\u4ee3\u6c49\u8bed\u300b\u4e0b\u8bfe\u540e\uff082016\u6444\u4e8e\u5929\u4e3b\u6559\u5927\u5b66\u6559\u5ba4\uff09<\/p>\n<p>After class of \u201cClassic Chinese\u201d (photographed in the classroom of KUL in 2016)<\/p>\n<p><a href=\"http:\/\/www.jyangkul.net\/interaction\/wp-content\/uploads\/2018\/04\/7.jpg\"><img loading=\"lazy\" class=\"alignnone size-medium wp-image-16\" src=\"http:\/\/www.jyangkul.net\/interaction\/wp-content\/uploads\/2018\/04\/7-300x116.jpg\" alt=\"\" width=\"300\" height=\"116\" srcset=\"http:\/\/www.jyangkul.net\/interaction\/wp-content\/uploads\/2018\/04\/7-300x116.jpg 300w, http:\/\/www.jyangkul.net\/interaction\/wp-content\/uploads\/2018\/04\/7-768x296.jpg 768w, http:\/\/www.jyangkul.net\/interaction\/wp-content\/uploads\/2018\/04\/7.jpg 959w\" sizes=\"(max-width: 300px) 100vw, 300px\" \/><\/a><\/p>\n<p>\u56fe\u72478. \u5362\u5e03\u6797\u8001\u57ce\uff082017\u6444\u4e8e\u5362\u5e03\u6797\u5b97\u6559\u535a\u7269\u9986\u5854\u697c\u4e0a\uff09<\/p>\n<p>Stare Miasto of Lublin (photographed on the tower of Lublin Museum of Religion in 2017)<\/p>\n<p><a href=\"http:\/\/www.jyangkul.net\/interaction\/wp-content\/uploads\/2018\/04\/8.jpg\"><img loading=\"lazy\" class=\"alignnone size-medium wp-image-19\" src=\"http:\/\/www.jyangkul.net\/interaction\/wp-content\/uploads\/2018\/04\/8-300x113.jpg\" alt=\"\" width=\"300\" height=\"113\" srcset=\"http:\/\/www.jyangkul.net\/interaction\/wp-content\/uploads\/2018\/04\/8-300x113.jpg 300w, http:\/\/www.jyangkul.net\/interaction\/wp-content\/uploads\/2018\/04\/8-768x289.jpg 768w, http:\/\/www.jyangkul.net\/interaction\/wp-content\/uploads\/2018\/04\/8-1024x385.jpg 1024w\" sizes=\"(max-width: 300px) 100vw, 300px\" \/><\/a><\/p>\n<p>\u56fe\u72479. \u5362\u5e03\u6797\u7701\u4e9a\u8bfa\u7ef4\u8328\u6b8b\u7f3a\u7f8e\u7684\u7687\u5bab\u53e4\u5821\uff082015\u6444\u4e8e\u4e9a\u8bfa\u7ef4\u8328\u53e4\u5821\u5916\uff09<\/p>\n<p>Imperial Zamek of incomplete beauty in Janowiec, Lubelski (photographed outside of the Imperial Zamek in Janowiec in 2015)<\/p>\n<p><a href=\"http:\/\/www.jyangkul.net\/interaction\/wp-content\/uploads\/2018\/04\/9.jpg\"><img loading=\"lazy\" class=\"alignnone size-medium wp-image-18\" src=\"http:\/\/www.jyangkul.net\/interaction\/wp-content\/uploads\/2018\/04\/9-300x105.jpg\" alt=\"\" width=\"300\" height=\"105\" srcset=\"http:\/\/www.jyangkul.net\/interaction\/wp-content\/uploads\/2018\/04\/9-300x105.jpg 300w, http:\/\/www.jyangkul.net\/interaction\/wp-content\/uploads\/2018\/04\/9-768x270.jpg 768w, http:\/\/www.jyangkul.net\/interaction\/wp-content\/uploads\/2018\/04\/9-1024x360.jpg 1024w, http:\/\/www.jyangkul.net\/interaction\/wp-content\/uploads\/2018\/04\/9-1080x380.jpg 1080w\" sizes=\"(max-width: 300px) 100vw, 300px\" \/><\/a><\/p>\n<p>\u56fe\u724710. \u5362\u5e03\u6797\u7701\u4e9a\u8bfa\u7ef4\u8328\u6b8b\u7f3a\u7f8e\u7684\u7687\u5bab\u53e4\u5821\uff082015\u6444\u4e8e\u4e9a\u8bfa\u7ef4\u8328\u53e4\u5821\u5185\uff09<\/p>\n<p>Imperial Zamek of incomplete beauty in Janowiec, Lubelski (photographed inside of the Imperial Zamek in Janowiec in 2015)<\/p>\n<p><a href=\"http:\/\/www.jyangkul.net\/interaction\/wp-content\/uploads\/2018\/04\/10.jpg\"><img loading=\"lazy\" class=\"alignnone size-medium wp-image-22\" src=\"http:\/\/www.jyangkul.net\/interaction\/wp-content\/uploads\/2018\/04\/10-300x113.jpg\" alt=\"\" width=\"300\" height=\"113\" srcset=\"http:\/\/www.jyangkul.net\/interaction\/wp-content\/uploads\/2018\/04\/10-300x113.jpg 300w, http:\/\/www.jyangkul.net\/interaction\/wp-content\/uploads\/2018\/04\/10-768x290.jpg 768w, http:\/\/www.jyangkul.net\/interaction\/wp-content\/uploads\/2018\/04\/10-1024x386.jpg 1024w\" sizes=\"(max-width: 300px) 100vw, 300px\" \/><\/a><\/p>\n<p>\u56fe\u724711. \u5362\u5e03\u6797\u7701\u6ce2\u5170\u8457\u540d\u666f\u70b9\u5361\u9f50\u7c73\u65e5\u591a\u5c14\u5c3c\uff082015\u6444\u4e8e\u5361\u9f50\u7c73\u65e5\u591a\u5c14\u5c3c\u5c71\u5761\u4e0a\uff09<\/p>\n<p>Kazimierz Dolny, Polish famous tourist attraction in Lubeski (photographed on the hill of Kazimierz Dolny in 2015)<\/p>\n<p><a href=\"http:\/\/www.jyangkul.net\/interaction\/wp-content\/uploads\/2018\/04\/11.jpg\"><img loading=\"lazy\" class=\"alignnone size-medium wp-image-24\" src=\"http:\/\/www.jyangkul.net\/interaction\/wp-content\/uploads\/2018\/04\/11-300x119.jpg\" alt=\"\" width=\"300\" height=\"119\" srcset=\"http:\/\/www.jyangkul.net\/interaction\/wp-content\/uploads\/2018\/04\/11-300x119.jpg 300w, http:\/\/www.jyangkul.net\/interaction\/wp-content\/uploads\/2018\/04\/11-768x304.jpg 768w, http:\/\/www.jyangkul.net\/interaction\/wp-content\/uploads\/2018\/04\/11-1024x405.jpg 1024w\" sizes=\"(max-width: 300px) 100vw, 300px\" \/><\/a><\/p>\n<p>\u56fe\u724712. \u591c\u5e55\u4e0b\u7684\u5362\u5e03\u6797\u8857\u666f\uff082017\u6444\u4e8e\u5362\u5e03\u6797\u514b\u62c9\u79d1\u592b\u5927\u8857\uff09<\/p>\n<p>Evening view of Lublin street (photographed on Aleje Krakowskie Przedmiescie in Lublin in 2017)<\/p>\n<p><a href=\"http:\/\/www.jyangkul.net\/interaction\/wp-content\/uploads\/2018\/04\/13.jpg\"><img loading=\"lazy\" class=\"alignnone size-medium wp-image-28\" src=\"http:\/\/www.jyangkul.net\/interaction\/wp-content\/uploads\/2018\/04\/13-300x105.jpg\" alt=\"\" width=\"300\" height=\"105\" srcset=\"http:\/\/www.jyangkul.net\/interaction\/wp-content\/uploads\/2018\/04\/13-300x105.jpg 300w, http:\/\/www.jyangkul.net\/interaction\/wp-content\/uploads\/2018\/04\/13-768x269.jpg 768w, http:\/\/www.jyangkul.net\/interaction\/wp-content\/uploads\/2018\/04\/13-1024x359.jpg 1024w, http:\/\/www.jyangkul.net\/interaction\/wp-content\/uploads\/2018\/04\/13-1080x380.jpg 1080w, http:\/\/www.jyangkul.net\/interaction\/wp-content\/uploads\/2018\/04\/13.jpg 2048w\" sizes=\"(max-width: 300px) 100vw, 300px\" \/><\/a><\/p>\n<p>\u56fe\u724713. \u5362\u5e03\u6797\u5c45\u91cc\u592b\u4eba\u5927\u5b66\u690d\u7269\u56ed\u4e00\u89d2\uff082017\u6444\u4e8e\u5c45\u91cc\u592b\u4eba\u5927\u5b66\u690d\u7269\u56ed\uff09<\/p>\n<p>A corner of the Botanic Garden of Uniwersytet Marii Curie-Sklodowskiej (photographed in the Botanic Garden of Uniwersytet Marii Curie-Sklodowskiej in 2017)<\/p>\n<p><a href=\"http:\/\/www.jyangkul.net\/interaction\/wp-content\/uploads\/2018\/04\/14.jpg\"><img loading=\"lazy\" class=\"alignnone size-medium wp-image-30\" src=\"http:\/\/www.jyangkul.net\/interaction\/wp-content\/uploads\/2018\/04\/14-300x110.jpg\" alt=\"\" width=\"300\" height=\"110\" srcset=\"http:\/\/www.jyangkul.net\/interaction\/wp-content\/uploads\/2018\/04\/14-300x110.jpg 300w, http:\/\/www.jyangkul.net\/interaction\/wp-content\/uploads\/2018\/04\/14-768x282.jpg 768w, http:\/\/www.jyangkul.net\/interaction\/wp-content\/uploads\/2018\/04\/14-1024x376.jpg 1024w, http:\/\/www.jyangkul.net\/interaction\/wp-content\/uploads\/2018\/04\/14.jpg 1920w\" sizes=\"(max-width: 300px) 100vw, 300px\" \/><\/a><br \/>\n\u56fe\u724714. \u5362\u5e03\u6797\u7701\u6d77\u4e4c\u59c6<strong>\u767d\u57a9<\/strong>\u5730\u9053\uff082015\u6444\u4e8e\u6d77\u4e4c\u59c6\uff09<\/p>\n<p>Chalk Tunnel in Che\u0142m, Lubelski (photographed in the chalk tunnel in Che\u0142m in 2015)<\/p>\n<p><a href=\"http:\/\/www.jyangkul.net\/interaction\/wp-content\/uploads\/2018\/04\/15.jpg\"><img loading=\"lazy\" class=\"alignnone size-medium wp-image-32\" src=\"http:\/\/www.jyangkul.net\/interaction\/wp-content\/uploads\/2018\/04\/15-300x108.jpg\" alt=\"\" width=\"300\" height=\"108\" srcset=\"http:\/\/www.jyangkul.net\/interaction\/wp-content\/uploads\/2018\/04\/15-300x108.jpg 300w, http:\/\/www.jyangkul.net\/interaction\/wp-content\/uploads\/2018\/04\/15-768x276.jpg 768w, http:\/\/www.jyangkul.net\/interaction\/wp-content\/uploads\/2018\/04\/15-1024x367.jpg 1024w\" sizes=\"(max-width: 300px) 100vw, 300px\" \/><\/a><\/p>\n<p>\u56fe\u724715. \u5362\u5e03\u6797\u9732\u5929\u4e61\u6751\u535a\u7269\u9986\u7684\u98ce\u8f66\uff082017\u6444\u4e8e\u5362\u5e03\u6797\u9732\u5929\u4e61\u6751\u535a\u7269\u9986\uff09<\/p>\n<p>The windmill in the open air Village Museum in Lublin (photographed in the open air Village Museum in 2017)<\/p>\n<p><a href=\"http:\/\/www.jyangkul.net\/interaction\/wp-content\/uploads\/2018\/04\/16.jpg\"><img loading=\"lazy\" class=\"alignnone size-medium wp-image-34\" src=\"http:\/\/www.jyangkul.net\/interaction\/wp-content\/uploads\/2018\/04\/16-300x102.jpg\" alt=\"\" width=\"300\" height=\"102\" srcset=\"http:\/\/www.jyangkul.net\/interaction\/wp-content\/uploads\/2018\/04\/16-300x102.jpg 300w, http:\/\/www.jyangkul.net\/interaction\/wp-content\/uploads\/2018\/04\/16-768x261.jpg 768w, http:\/\/www.jyangkul.net\/interaction\/wp-content\/uploads\/2018\/04\/16-1024x348.jpg 1024w\" sizes=\"(max-width: 300px) 100vw, 300px\" \/><\/a><\/p>\n<p>\u56fe\u724716. \u5362\u5e03\u6797\u5929\u4e3b\u6559\u5927\u5b66\u4e2d\u56fd\u65e5\u6d3b\u52a8\uff082016\u5e74\u6444\u4e8e\u5362\u5e03\u6797\u5929\u4e3b\u6559\u5927\u5b66\u6821\u56ed\uff09<\/p>\n<p>On Chinese Culture Day at KUL (photographed at the campus of KUL in 2016)<\/p>\n<p><a href=\"http:\/\/www.jyangkul.net\/interaction\/wp-content\/uploads\/2018\/04\/12.jpg\"><img loading=\"lazy\" class=\"alignnone size-medium wp-image-26\" src=\"http:\/\/www.jyangkul.net\/interaction\/wp-content\/uploads\/2018\/04\/12-300x107.jpg\" alt=\"\" width=\"300\" height=\"107\" srcset=\"http:\/\/www.jyangkul.net\/interaction\/wp-content\/uploads\/2018\/04\/12-300x107.jpg 300w, http:\/\/www.jyangkul.net\/interaction\/wp-content\/uploads\/2018\/04\/12.jpg 736w\" sizes=\"(max-width: 300px) 100vw, 300px\" \/><\/a><\/p>\n<p>\u56fe\u724717. \u5362\u5e03\u6797\u5929\u4e3b\u6559\u5927\u5b66\u535a\u7269\u9986\u85cf\u54c1\u753b<\/p>\n<p>Collected painting in KUL Museum<\/p>\n<p><a href=\"http:\/\/www.jyangkul.net\/interaction\/wp-content\/uploads\/2018\/04\/17.jpg\"><img loading=\"lazy\" class=\"alignnone size-medium wp-image-36\" src=\"http:\/\/www.jyangkul.net\/interaction\/wp-content\/uploads\/2018\/04\/17-300x115.jpg\" alt=\"\" width=\"300\" height=\"115\" srcset=\"http:\/\/www.jyangkul.net\/interaction\/wp-content\/uploads\/2018\/04\/17-300x115.jpg 300w, http:\/\/www.jyangkul.net\/interaction\/wp-content\/uploads\/2018\/04\/17-768x294.jpg 768w, http:\/\/www.jyangkul.net\/interaction\/wp-content\/uploads\/2018\/04\/17.jpg 800w\" sizes=\"(max-width: 300px) 100vw, 300px\" \/><\/a><\/p>\n<p>\u56fe\u724718. \u7f8e\u4e3d\u7684\u865e\u7f8e\u4eba\u7f42\u7c9f\u82b1\uff082015\u6444\u4e8e\u4e61\u95f4\uff09<\/p>\n<p>Beautiful corn poppy flowers (photographed in the countryside in 2015)<\/p>\n<p><a href=\"http:\/\/www.jyangkul.net\/interaction\/wp-content\/uploads\/2018\/04\/18.jpg\"><img loading=\"lazy\" class=\"alignnone size-medium wp-image-38\" src=\"http:\/\/www.jyangkul.net\/interaction\/wp-content\/uploads\/2018\/04\/18-300x110.jpg\" alt=\"\" width=\"300\" height=\"110\" srcset=\"http:\/\/www.jyangkul.net\/interaction\/wp-content\/uploads\/2018\/04\/18-300x110.jpg 300w, http:\/\/www.jyangkul.net\/interaction\/wp-content\/uploads\/2018\/04\/18-768x282.jpg 768w, http:\/\/www.jyangkul.net\/interaction\/wp-content\/uploads\/2018\/04\/18-1024x376.jpg 1024w\" sizes=\"(max-width: 300px) 100vw, 300px\" \/><\/a><\/p>\n","protected":false},"excerpt":{"rendered":"<p>\u00a0 \u00a0\u8fd4\u56de\u9996\u9875Back to Homepage \uff08\u540c\u4e00\u9996\u6b4c &#8211; \u610f\u5927\u5229\u535a\u6d1b\u5c3c\u4e9aPiccolo Co [&hellip;]<\/p>\n","protected":false},"author":1,"featured_media":0,"parent":0,"menu_order":0,"comment_status":"closed","ping_status":"open","template":"","meta":[],"_links":{"self":[{"href":"http:\/\/www.jyangkul.net\/interaction\/wp-json\/wp\/v2\/pages\/2"}],"collection":[{"href":"http:\/\/www.jyangkul.net\/interaction\/wp-json\/wp\/v2\/pages"}],"about":[{"href":"http:\/\/www.jyangkul.net\/interaction\/wp-json\/wp\/v2\/types\/page"}],"author":[{"embeddable":true,"href":"http:\/\/www.jyangkul.net\/interaction\/wp-json\/wp\/v2\/users\/1"}],"replies":[{"embeddable":true,"href":"http:\/\/www.jyangkul.net\/interaction\/wp-json\/wp\/v2\/comments?post=2"}],"version-history":[{"count":29,"href":"http:\/\/www.jyangkul.net\/interaction\/wp-json\/wp\/v2\/pages\/2\/revisions"}],"predecessor-version":[{"id":1533,"href":"http:\/\/www.jyangkul.net\/interaction\/wp-json\/wp\/v2\/pages\/2\/revisions\/1533"}],"wp:attachment":[{"href":"http:\/\/www.jyangkul.net\/interaction\/wp-json\/wp\/v2\/media?parent=2"}],"curies":[{"name":"wp","href":"https:\/\/api.w.org\/{rel}","templated":true}]}}